{"id":291,"date":"2026-01-12T07:42:18","date_gmt":"2026-01-12T07:42:18","guid":{"rendered":"https:\/\/ed-expoexhibitiondesign.com\/?page_id=291"},"modified":"2026-05-06T07:46:12","modified_gmt":"2026-05-06T07:46:12","slug":"chi-siamo","status":"publish","type":"page","link":"https:\/\/ed-expoexhibitiondesign.com\/en_us\/chi-siamo\/","title":{"rendered":"About Us"},"content":{"rendered":"<div data-elementor-type=\"wp-page\" data-elementor-id=\"291\" class=\"elementor elementor-291\">\n\t\t\t\t<div class=\"elementor-element elementor-element-miuuyzy1 twbb_section e-flex e-con-boxed e-con e-parent\" data-id=\"miuuyzy1\" data-element_type=\"container\" data-e-type=\"container\" id=\"title\" data-settings=\"{&quot;background_background&quot;:&quot;classic&quot;}\">\n\t\t\t\t\t<div class=\"e-con-inner\">\n\t\t\t\t<div class=\"elementor-element elementor-element-rsn1fph8 elementor-widget__width-initial elementor-widget-mobile__width-inherit elementor-widget-tablet__width-initial elementor-invisible elementor-widget elementor-widget-heading\" data-id=\"rsn1fph8\" data-element_type=\"widget\" data-e-type=\"widget\" data-settings=\"{&quot;_animation&quot;:&quot;fadeInUp&quot;}\" data-widget_type=\"heading.default\">\n\t\t\t\t\t<h2 class=\"elementor-heading-title elementor-size-default\">ED EXPOEXHIBITION DESIGN: Passione Italiana, Visione Globale.<\/h2>\t\t\t\t<\/div>\n\t\t\t\t<div class=\"elementor-element elementor-element-8vwbt3im elementor-widget__width-initial elementor-widget-mobile__width-inherit elementor-widget-tablet__width-initial elementor-invisible elementor-widget elementor-widget-text-editor\" data-id=\"8vwbt3im\" data-element_type=\"widget\" data-e-type=\"widget\" data-settings=\"{&quot;_animation&quot;:&quot;fadeInUp&quot;}\" data-widget_type=\"text-editor.default\">\n\t\t\t\t\t\t\t\t\t<p>Da oltre 15 anni, la nostra realt\u00e0 \u00e8 sinonimo di esperienza, professionalit\u00e0 e rigore organizzativo. Siamo un team di esperti appassionati che ha fatto della cura del dettaglio e della qualit\u00e0 Made in Italy il proprio marchio di fabbrica.<\/p><p>Oltre all&#8217;Architettura Temporanea, il nostro percorso \u00e8 iniziato e si \u00e8 consolidato in quello che \u00e8, da sempre, il nostro settore di elezione: la progettazione e produzione di Architetture Temporanee. Tuttavia, la curiosit\u00e0 intellettuale e un know-how in continua evoluzione ci hanno spinto a guardare oltre.<\/p>\t\t\t\t\t\t\t\t<\/div>\n\t\t\t\t\t<\/div>\n\t\t\t\t<\/div>\n\t\t<div class=\"elementor-element elementor-element-erapa966 twbb_section e-flex e-con-boxed e-con e-parent\" data-id=\"erapa966\" data-element_type=\"container\" data-e-type=\"container\" id=\"our-vision-and-approach\">\n\t\t\t\t\t<div class=\"e-con-inner\">\n\t\t\t\t<div class=\"elementor-element elementor-element-7xonw45l elementor-widget__width-initial elementor-widget-mobile__width-inherit elementor-widget-tablet__width-initial elementor-widget elementor-widget-image\" data-id=\"7xonw45l\" data-element_type=\"widget\" data-e-type=\"widget\" data-widget_type=\"image.default\">\n\t\t\t\t\t\t\t\t\t\t\t\t<figure class=\"wp-caption\">\n\t\t\t\t\t\t\t\t\t\t<img fetchpriority=\"high\" decoding=\"async\" width=\"960\" height=\"720\" src=\"https:\/\/ed-expoexhibitiondesign.com\/wp-content\/uploads\/2026\/01\/Sutter.jpg\" class=\"attachment-full size-full wp-image-412\" alt=\"\" srcset=\"https:\/\/ed-expoexhibitiondesign.com\/wp-content\/uploads\/2026\/01\/Sutter.jpg 960w, https:\/\/ed-expoexhibitiondesign.com\/wp-content\/uploads\/2026\/01\/Sutter-300x225.jpg 300w, https:\/\/ed-expoexhibitiondesign.com\/wp-content\/uploads\/2026\/01\/Sutter-768x576.jpg 768w, https:\/\/ed-expoexhibitiondesign.com\/wp-content\/uploads\/2026\/01\/Sutter-600x450.jpg 600w\" sizes=\"(max-width: 960px) 100vw, 960px\" \/>\t\t\t\t\t\t\t\t\t\t\t<figcaption class=\"widget-image-caption wp-caption-text\"><\/figcaption>\n\t\t\t\t\t\t\t\t\t\t<\/figure>\n\t\t\t\t\t\t\t\t\t<\/div>\n\t\t<div class=\"elementor-element elementor-element-j76usd7w e-con-full e-flex e-con e-child\" data-id=\"j76usd7w\" data-element_type=\"container\" data-e-type=\"container\">\n\t\t\t\t<div class=\"elementor-element elementor-element-yo7bqcg1 elementor-widget__width-initial elementor-widget-mobile__width-inherit elementor-widget-tablet__width-initial elementor-invisible elementor-widget elementor-widget-heading\" data-id=\"yo7bqcg1\" data-element_type=\"widget\" data-e-type=\"widget\" data-settings=\"{&quot;_animation&quot;:&quot;fadeInUp&quot;}\" data-widget_type=\"heading.default\">\n\t\t\t\t\t<h2 class=\"elementor-heading-title elementor-size-default\">La Nostra Visione Creativa<\/h2>\t\t\t\t<\/div>\n\t\t\t\t<div class=\"elementor-element elementor-element-pioz40sn elementor-widget__width-initial elementor-widget-mobile__width-inherit elementor-widget-tablet__width-initial elementor-invisible elementor-widget elementor-widget-text-editor\" data-id=\"pioz40sn\" data-element_type=\"widget\" data-e-type=\"widget\" data-settings=\"{&quot;_animation&quot;:&quot;fadeInUp&quot;}\" data-widget_type=\"text-editor.default\">\n\t\t\t\t\t\t\t\t\t<p>Abbiamo esplorato nuovi orizzonti di visibilit\u00e0 per individuare soluzioni comunicative capaci di emozionare e funzionare. Oggi, siamo orgogliosi di essere un partner affidabile e innovativo, capace di spaziare con naturalezza tra diversi ambiti creativi:<\/p><p data-path-to-node=\"7\">pace di spaziare con naturalezza tra diversi ambiti creativi:<\/p><p data-path-to-node=\"8,0,0\"><b data-path-to-node=\"8,0,0\" data-index-in-node=\"0\">Fiere e Congressi:<\/b> Progettazione e produzione di stand che raccontano l&#8217;identit\u00e0 del brand.<\/p><p data-path-to-node=\"8,1,0\"><b data-path-to-node=\"8,1,0\" data-index-in-node=\"0\">Cultura e Arte:<\/b> Realizzazione di allestimenti immersivi per musei, mostre e gallerie d&#8217;arte.<\/p><p data-path-to-node=\"8,2,0\"><b data-path-to-node=\"8,2,0\" data-index-in-node=\"0\">Scenografie ed Eventi:<\/b> Allestimenti d&#8217;impatto per sfilate, ricevimenti ed esposizioni d\u2019eccellenza.<\/p><p data-path-to-node=\"8,3,0\"><b data-path-to-node=\"8,3,0\" data-index-in-node=\"0\">Interior Design d\u2019Autore:<\/b> Soluzioni su misura per privati, showroom, punti vendita e uffici, dove l\u2019estetica incontra la funzionalit\u00e0.<\/p><p data-path-to-node=\"8,4,0\"><b data-path-to-node=\"8,4,0\" data-index-in-node=\"0\">Innovazione Phygital:<\/b> Organizzazione e promozione di eventi che fondono spazio fisico e digitale.<\/p><p data-path-to-node=\"8,5,0\"><b data-path-to-node=\"8,5,0\" data-index-in-node=\"0\">Green &amp; Outdoor:<\/b> Progetti di riqualificazione per spazi aperti e soluzioni d\u2019arredo per l\u2019outdoor living.<\/p>\t\t\t\t\t\t\t\t<\/div>\n\t\t\t\t<\/div>\n\t\t\t\t\t<\/div>\n\t\t\t\t<\/div>\n\t\t<div class=\"elementor-element elementor-element-y3byn8q5 twbb_section e-con-full e-flex e-con e-parent\" data-id=\"y3byn8q5\" data-element_type=\"container\" data-e-type=\"container\" id=\"meet-our-team\">\n\t\t\t\t<div class=\"elementor-element elementor-element-uk53tj5v elementor-widget__width-initial elementor-widget-mobile__width-inherit elementor-widget-tablet__width-initial elementor-invisible elementor-widget elementor-widget-heading\" data-id=\"uk53tj5v\" data-element_type=\"widget\" data-e-type=\"widget\" data-settings=\"{&quot;_animation&quot;:&quot;fadeInUp&quot;}\" data-widget_type=\"heading.default\">\n\t\t\t\t\t<h2 class=\"elementor-heading-title elementor-size-default\">Perch\u00e9 sceglierci?<\/h2>\t\t\t\t<\/div>\n\t\t\t\t<div class=\"elementor-element elementor-element-ofowlww2 elementor-widget__width-initial elementor-widget-mobile__width-inherit elementor-widget-tablet__width-initial elementor-invisible elementor-widget elementor-widget-text-editor\" data-id=\"ofowlww2\" data-element_type=\"widget\" data-e-type=\"widget\" data-settings=\"{&quot;_animation&quot;:&quot;fadeInUp&quot;}\" data-widget_type=\"text-editor.default\">\n\t\t\t\t\t\t\t\t\t<p data-path-to-node=\"11\">Perch\u00e9 non offriamo solo strutture, ma creiamo ambienti. Ogni progetto <b data-path-to-node=\"3,0\" data-index-in-node=\"80\">firmato ED EXPOEXHIBITION DESIGN<\/b> nasce da una sinergia profonda tra la creativit\u00e0 del nostro team e le esigenze del cliente, garantendo una produzione interamente supervisionata per rispondere ai pi\u00f9 alti standard qualitativi. Per scelta, rifuggiamo le logiche della produzione in serie: non eseguiamo lavori &#8216;a catena&#8217;, preferendo dedicarci a un numero selezionato di progetti per garantire a ciascuno una cura sartoriale e un&#8217;eccellenza senza compromessi<\/p><p data-path-to-node=\"11\">\u00a0<\/p>\t\t\t\t\t\t\t\t<\/div>\n\t\t<div class=\"elementor-element elementor-element-iupzstvv e-flex e-con-boxed e-con e-child\" data-id=\"iupzstvv\" data-element_type=\"container\" data-e-type=\"container\">\n\t\t\t\t\t<div class=\"e-con-inner\">\n\t\t<div class=\"elementor-element elementor-element-xv68y097 e-con-full e-flex e-con e-child\" data-id=\"xv68y097\" data-element_type=\"container\" data-e-type=\"container\">\n\t\t\t\t<div class=\"elementor-element elementor-element-m38mqt10 elementor-widget__width-initial elementor-widget-tablet__width-initial elementor-widget elementor-widget-image\" data-id=\"m38mqt10\" data-element_type=\"widget\" data-e-type=\"widget\" data-widget_type=\"image.default\">\n\t\t\t\t\t\t\t\t\t\t\t\t\t\t\t<img decoding=\"async\" width=\"300\" height=\"300\" src=\"https:\/\/ed-expoexhibitiondesign.com\/wp-content\/uploads\/2026\/01\/4271369-tavolo-ufficio-tutti-i-documenti-e-dispositivi-per-un-lavoro-di-successo-persone-che-lavorano-foto-300x300.webp\" class=\"attachment-medium size-medium wp-image-417\" alt=\"\" srcset=\"https:\/\/ed-expoexhibitiondesign.com\/wp-content\/uploads\/2026\/01\/4271369-tavolo-ufficio-tutti-i-documenti-e-dispositivi-per-un-lavoro-di-successo-persone-che-lavorano-foto-300x300.webp 300w, https:\/\/ed-expoexhibitiondesign.com\/wp-content\/uploads\/2026\/01\/4271369-tavolo-ufficio-tutti-i-documenti-e-dispositivi-per-un-lavoro-di-successo-persone-che-lavorano-foto-1024x1024.webp 1024w, https:\/\/ed-expoexhibitiondesign.com\/wp-content\/uploads\/2026\/01\/4271369-tavolo-ufficio-tutti-i-documenti-e-dispositivi-per-un-lavoro-di-successo-persone-che-lavorano-foto-150x150.webp 150w, https:\/\/ed-expoexhibitiondesign.com\/wp-content\/uploads\/2026\/01\/4271369-tavolo-ufficio-tutti-i-documenti-e-dispositivi-per-un-lavoro-di-successo-persone-che-lavorano-foto-768x768.webp 768w, https:\/\/ed-expoexhibitiondesign.com\/wp-content\/uploads\/2026\/01\/4271369-tavolo-ufficio-tutti-i-documenti-e-dispositivi-per-un-lavoro-di-successo-persone-che-lavorano-foto-600x600.webp 600w, https:\/\/ed-expoexhibitiondesign.com\/wp-content\/uploads\/2026\/01\/4271369-tavolo-ufficio-tutti-i-documenti-e-dispositivi-per-un-lavoro-di-successo-persone-che-lavorano-foto.webp 1216w\" sizes=\"(max-width: 300px) 100vw, 300px\" \/>\t\t\t\t\t\t\t\t\t\t\t\t\t\t\t<\/div>\n\t\t<div class=\"elementor-element elementor-element-37eec0e e-con-full e-flex e-con e-child\" data-id=\"37eec0e\" data-element_type=\"container\" data-e-type=\"container\">\n\t\t\t\t<div class=\"elementor-element elementor-element-9810120 elementor-widget__width-initial elementor-widget-mobile__width-inherit elementor-widget-tablet__width-initial elementor-invisible elementor-widget elementor-widget-heading\" data-id=\"9810120\" data-element_type=\"widget\" data-e-type=\"widget\" data-settings=\"{&quot;_animation&quot;:&quot;fadeInUp&quot;}\" data-widget_type=\"heading.default\">\n\t\t\t\t\t<h5 class=\"elementor-heading-title elementor-size-default\">Progettazione Sartoriale: L\u2019Eccellenza del Su Misura<\/h5>\t\t\t\t<\/div>\n\t\t\t\t<div class=\"elementor-element elementor-element-44c523d elementor-widget__width-initial elementor-widget-mobile__width-inherit elementor-widget-tablet__width-initial elementor-invisible elementor-widget elementor-widget-text-editor\" data-id=\"44c523d\" data-element_type=\"widget\" data-e-type=\"widget\" data-settings=\"{&quot;_animation&quot;:&quot;fadeInUp&quot;}\" data-widget_type=\"text-editor.default\">\n\t\t\t\t\t\t\t\t\t<p data-path-to-node=\"4\">Ogni schizzo \u00e8 un pezzo unico. Il nostro team di esperti trasforma la tua visione in realt\u00e0, rifiutando la logica dei lavori &#8220;a catena&#8221;.<\/p><p data-path-to-node=\"4\">Seguiamo pochi progetti all&#8217;anno per garantirti una cura maniacale e l\u2019autentica qualit\u00e0 <b data-path-to-node=\"3\" data-index-in-node=\"279\">Made in Italy<\/b>.<\/p>\t\t\t\t\t\t\t\t<\/div>\n\t\t\t\t<\/div>\n\t\t\t\t<\/div>\n\t\t<div class=\"elementor-element elementor-element-cc1odmuo e-con-full e-flex e-con e-child\" data-id=\"cc1odmuo\" data-element_type=\"container\" data-e-type=\"container\">\n\t\t\t\t<div class=\"elementor-element elementor-element-funsnlkd elementor-widget__width-initial elementor-widget-tablet__width-initial elementor-widget elementor-widget-image\" data-id=\"funsnlkd\" data-element_type=\"widget\" data-e-type=\"widget\" data-widget_type=\"image.default\">\n\t\t\t\t\t\t\t\t\t\t\t\t\t\t\t<img decoding=\"async\" width=\"700\" height=\"525\" src=\"https:\/\/ed-expoexhibitiondesign.com\/wp-content\/uploads\/2026\/01\/falegnameria2-1.jpg\" class=\"attachment-full size-full wp-image-418\" alt=\"\" srcset=\"https:\/\/ed-expoexhibitiondesign.com\/wp-content\/uploads\/2026\/01\/falegnameria2-1.jpg 700w, https:\/\/ed-expoexhibitiondesign.com\/wp-content\/uploads\/2026\/01\/falegnameria2-1-300x225.jpg 300w, https:\/\/ed-expoexhibitiondesign.com\/wp-content\/uploads\/2026\/01\/falegnameria2-1-600x450.jpg 600w\" sizes=\"(max-width: 700px) 100vw, 700px\" \/>\t\t\t\t\t\t\t\t\t\t\t\t\t\t\t<\/div>\n\t\t<div class=\"elementor-element elementor-element-620fff0 e-con-full e-flex e-con e-child\" data-id=\"620fff0\" data-element_type=\"container\" data-e-type=\"container\">\n\t\t\t\t<div class=\"elementor-element elementor-element-e648efd elementor-widget__width-initial elementor-widget-mobile__width-inherit elementor-widget-tablet__width-initial elementor-invisible elementor-widget elementor-widget-heading\" data-id=\"e648efd\" data-element_type=\"widget\" data-e-type=\"widget\" data-settings=\"{&quot;_animation&quot;:&quot;fadeInUp&quot;}\" data-widget_type=\"heading.default\">\n\t\t\t\t\t<h5 class=\"elementor-heading-title elementor-size-default\">Il Nostro Cuore Produttivo: Dove l\u2019Idea Diventa Materia<\/h5>\t\t\t\t<\/div>\n\t\t\t\t<div class=\"elementor-element elementor-element-ef8894d elementor-widget__width-initial elementor-widget-mobile__width-inherit elementor-widget-tablet__width-initial elementor-invisible elementor-widget elementor-widget-text-editor\" data-id=\"ef8894d\" data-element_type=\"widget\" data-e-type=\"widget\" data-settings=\"{&quot;_animation&quot;:&quot;fadeInUp&quot;}\" data-widget_type=\"text-editor.default\">\n\t\t\t\t\t\t\t\t\t<p data-path-to-node=\"11\">La nostra forza risiede nella capacit\u00e0 di trasformare il disegno in materia. Disponiamo di un&#8217;officina di produzione interna dove ogni progetto viene realizzato da maestranze specializzate.<\/p><p data-path-to-node=\"12\">A differenza dei grandi volumi industriali, abbiamo scelto di restare un laboratorio d&#8217;eccellenza. Non eseguiamo lavori &#8220;a catena&#8221;: ogni componente \u00e8 seguito individualmente, dalla scelta del materiale alla finitura finale. Questa cura artigianale, unita a macchinari di precisione, ci permette di garantire standard qualitativi altissimi che solo il vero <b data-path-to-node=\"12\" data-index-in-node=\"356\">Made in Italy<\/b> pu\u00f2 offrire.<\/p><blockquote data-path-to-node=\"13\"><p data-path-to-node=\"13,0\"><b data-path-to-node=\"13,0\" data-index-in-node=\"0\">&#8220;Non produciamo pezzi in serie, creiamo opere uniche per progetti che meritano il meglio.&#8221;<\/b><\/p><\/blockquote>\t\t\t\t\t\t\t\t<\/div>\n\t\t\t\t<\/div>\n\t\t\t\t<\/div>\n\t\t<div class=\"elementor-element elementor-element-7jycrwu4 e-con-full e-flex e-con e-child\" data-id=\"7jycrwu4\" data-element_type=\"container\" data-e-type=\"container\">\n\t\t\t\t<div class=\"elementor-element elementor-element-hj5sbzx0 elementor-widget__width-initial elementor-widget-tablet__width-initial elementor-widget elementor-widget-image\" data-id=\"hj5sbzx0\" data-element_type=\"widget\" data-e-type=\"widget\" data-widget_type=\"image.default\">\n\t\t\t\t\t\t\t\t\t\t\t\t\t\t\t<img loading=\"lazy\" decoding=\"async\" width=\"1200\" height=\"1600\" src=\"https:\/\/ed-expoexhibitiondesign.com\/wp-content\/uploads\/2026\/01\/PARMA-CIBUS.jpeg\" class=\"attachment-full size-full wp-image-422\" alt=\"\" srcset=\"https:\/\/ed-expoexhibitiondesign.com\/wp-content\/uploads\/2026\/01\/PARMA-CIBUS.jpeg 1200w, https:\/\/ed-expoexhibitiondesign.com\/wp-content\/uploads\/2026\/01\/PARMA-CIBUS-225x300.jpeg 225w, https:\/\/ed-expoexhibitiondesign.com\/wp-content\/uploads\/2026\/01\/PARMA-CIBUS-768x1024.jpeg 768w, https:\/\/ed-expoexhibitiondesign.com\/wp-content\/uploads\/2026\/01\/PARMA-CIBUS-1152x1536.jpeg 1152w, https:\/\/ed-expoexhibitiondesign.com\/wp-content\/uploads\/2026\/01\/PARMA-CIBUS-450x600.jpeg 450w\" sizes=\"(max-width: 1200px) 100vw, 1200px\" \/>\t\t\t\t\t\t\t\t\t\t\t\t\t\t\t<\/div>\n\t\t<div class=\"elementor-element elementor-element-0de28e1 e-con-full e-flex e-con e-child\" data-id=\"0de28e1\" data-element_type=\"container\" data-e-type=\"container\">\n\t\t\t\t<div class=\"elementor-element elementor-element-8c342df elementor-widget__width-initial elementor-widget-mobile__width-inherit elementor-widget-tablet__width-initial elementor-invisible elementor-widget elementor-widget-heading\" data-id=\"8c342df\" data-element_type=\"widget\" data-e-type=\"widget\" data-settings=\"{&quot;_animation&quot;:&quot;fadeInUp&quot;}\" data-widget_type=\"heading.default\">\n\t\t\t\t\t<h5 class=\"elementor-heading-title elementor-size-default\"><h5 class=\"elementor-heading-title elementor-size-default elementor-inline-editing pen\" data-elementor-setting-key=\"title\" data-pen-placeholder=\"Type Here...\" style=\"font-family: Lexend, sans-serif;font-size: 24px;font-style: normal;font-weight: 700;line-height: 32px;text-transform: none;text-decoration: none;letter-spacing: normal\"><font style=\"font-size: 24px\">Messa nell'Opera: La Perfezione nell'Ultimo Miglio<\/font><font style=\"font-size: 24px\"><\/font><\/h5><\/h5>\t\t\t\t<\/div>\n\t\t\t\t<div class=\"elementor-element elementor-element-8f0d761 elementor-widget__width-initial elementor-widget-mobile__width-inherit elementor-widget-tablet__width-initial elementor-invisible elementor-widget elementor-widget-text-editor\" data-id=\"8f0d761\" data-element_type=\"widget\" data-e-type=\"widget\" data-settings=\"{&quot;_animation&quot;:&quot;fadeInUp&quot;}\" data-widget_type=\"text-editor.default\">\n\t\t\t\t\t\t\t\t\t<p data-path-to-node=\"4\">Il nostro impegno non si ferma in officina. La fase di installazione \u00e8 il momento in cui la cura sartoriale dei nostri tecnici trasforma un progetto in un&#8217;esperienza reale.<\/p><p data-path-to-node=\"5\">Per noi, il montaggio non \u00e8 un semplice assemblaggio &#8220;a catena&#8221;, ma una vera messa in opera specializzata. Inviamo sul campo lo stesso team di esperti che ha seguito la produzione: professionisti che conoscono ogni vite e ogni incastro.<\/p>\t\t\t\t\t\t\t\t<\/div>\n\t\t\t\t<\/div>\n\t\t\t\t<\/div>\n\t\t\t\t\t<\/div>\n\t\t\t\t<\/div>\n\t\t\t\t<div class=\"elementor-element elementor-element-4s7nomf2 elementor-widget__width-initial elementor-widget-mobile__width-inherit elementor-widget-tablet__width-initial twbb_cta-button-wrapper-center twbb_cta-valign-align-top twbb_cta-button-wrapper-center twbb_cta-button-wrapper-center twbb_cta-position-button-bottom twbb_cta-tablet-position-button-bottom twbb_cta-mobile-position-button-bottom elementor-invisible elementor-widget elementor-widget-twbb_call-to-action\" data-id=\"4s7nomf2\" data-element_type=\"widget\" data-e-type=\"widget\" data-settings=\"{&quot;_animation&quot;:&quot;fadeInUp&quot;}\" data-widget_type=\"twbb_call-to-action.default\">\n\t\t\t\t<div class=\"elementor-widget-container\">\n\t\t\t\t\t    <div  class=\"twbb_cta-wrapper\">\n      <div class=\"twbb_cta-content-wrapper\">\n    <div class=\"twbb_cta-content-inner\">\n                <h2 class=\"twbb_cta-title\">Siamo la forma che diamo alle vostre idee.<\/h2>\n                    <div class=\"twbb_cta-description\">Ogni grande progetto nasce da un\u2019idea. Noi siamo qui per realizzarla con la maestria che ci contraddistingue da 15 anni.<\/div>\n              <\/div>\n    <div class=\"twbb_cta-button-wrapper\">\n        <div class=\"twbb_cta-buttons\">\n                    <div class=\"twbb_cta-button-item twbb_cta-button-item__two twbb_cta-button-enable-yes\">\n          <a href=\"https:\/\/wa.me\/393513381243\" class=\"elementor-button twbb_cta-button elementor-size- twbb_cta-button__two\"            >Contattaci per un preventivo su misura            <\/a>\n        <\/div>\n                  <\/div>\n    <\/div>\n  <\/div>\n        <\/div>\n\t\t\t\t<\/div>\n\t\t\t\t<\/div>\n\t\t\t\t<\/div>\n\t\t\t\t<\/div>","protected":false},"excerpt":{"rendered":"<p>ED EXPOEXHIBITION DESIGN: Passione Italiana, Visione Globale. Da oltre 15 anni, la nostra realt\u00e0 \u00e8 sinonimo di esperienza, professionalit\u00e0 e rigore organizzativo. Siamo un team di esperti appassionati che ha fatto della cura del dettaglio e della qualit\u00e0 Made in Italy il proprio marchio di fabbrica. Oltre all&#8217;Architettura Temporanea, il nostro percorso \u00e8 iniziato e [&hellip;]<\/p>\n","protected":false},"author":0,"featured_media":0,"parent":0,"menu_order":0,"comment_status":"closed","ping_status":"draft","template":"","meta":{"inline_featured_image":false,"two_page_speed":[],"footnotes":""},"class_list":["post-291","page","type-page","status-publish","hentry"],"_links":{"self":[{"href":"https:\/\/ed-expoexhibitiondesign.com\/en_us\/wp-json\/wp\/v2\/pages\/291","targetHints":{"allow":["GET"]}}],"collection":[{"href":"https:\/\/ed-expoexhibitiondesign.com\/en_us\/wp-json\/wp\/v2\/pages"}],"about":[{"href":"https:\/\/ed-expoexhibitiondesign.com\/en_us\/wp-json\/wp\/v2\/types\/page"}],"replies":[{"embeddable":true,"href":"https:\/\/ed-expoexhibitiondesign.com\/en_us\/wp-json\/wp\/v2\/comments?post=291"}],"version-history":[{"count":3,"href":"https:\/\/ed-expoexhibitiondesign.com\/en_us\/wp-json\/wp\/v2\/pages\/291\/revisions"}],"predecessor-version":[{"id":880,"href":"https:\/\/ed-expoexhibitiondesign.com\/en_us\/wp-json\/wp\/v2\/pages\/291\/revisions\/880"}],"wp:attachment":[{"href":"https:\/\/ed-expoexhibitiondesign.com\/en_us\/wp-json\/wp\/v2\/media?parent=291"}],"curies":[{"name":"wp","href":"https:\/\/api.w.org\/{rel}","templated":true}]}}